{"id":23,"date":"2025-08-19T10:41:03","date_gmt":"2025-08-19T13:41:03","guid":{"rendered":"https:\/\/www.chenge.com.br\/?page_id=23"},"modified":"2025-08-26T08:56:39","modified_gmt":"2025-08-26T11:56:39","slug":"ch-engenharia","status":"publish","type":"page","link":"https:\/\/www.chenge.com.br\/","title":{"rendered":"CH Engenharia"},"content":{"rendered":"\n<div class=\"wp-block-group alignwide has-global-padding is-layout-constrained wp-container-core-group-is-layout-490fa1db wp-block-group-is-layout-constrained\" style=\"padding-top:var(--wp--preset--spacing--50);padding-right:var(--wp--preset--spacing--50);padding-bottom:var(--wp--preset--spacing--50);padding-left:var(--wp--preset--spacing--50)\">\n<div class=\"wp-block-group has-global-padding is-layout-constrained wp-container-core-group-is-layout-650790e1 wp-block-group-is-layout-constrained\">\n<h1 class=\"wp-block-heading has-text-align-center has-x-large-font-size\">Inova\u00e7\u00e3o e sustentabilidade<\/h1>\n\n\n\n<div style=\"height:1.25rem\" aria-hidden=\"true\" class=\"wp-block-spacer\"><\/div>\n\n\n\n<p class=\"has-text-align-center\">A CH Engenharia \u00e9 uma construtora, que vem aprimorando seus produtos com o prop\u00f3sito de atender as necessidades do setor de constru\u00e7\u00e3o civil.<\/p>\n<\/div>\n\n\n\n<figure class=\"wp-block-image alignwide size-full is-style-rounded is-style-rounded--1\"><img decoding=\"async\" src=\"https:\/\/www.chenge.com.br\/wp-content\/themes\/twentytwentyfour\/assets\/images\/building-exterior.webp\" alt=\"Exterior de edif\u00edcio em Toronto, Canad\u00e1\"\/><\/figure>\n<\/div>\n\n\n\n<div class=\"wp-block-group alignfull has-base-2-background-color has-background has-global-padding is-layout-constrained wp-container-core-group-is-layout-669513ed wp-block-group-is-layout-constrained\" style=\"margin-top:0;margin-bottom:0;padding-top:var(--wp--preset--spacing--50);padding-right:var(--wp--preset--spacing--50);padding-bottom:var(--wp--preset--spacing--50);padding-left:var(--wp--preset--spacing--50)\">\n<div class=\"wp-block-group is-vertical is-content-justification-center is-layout-flex wp-container-core-group-is-layout-52b864f0 wp-block-group-is-layout-flex\">\n<h2 class=\"wp-block-heading has-text-align-center is-style-default\" id=\"sobre\">Sobre a CH Engenharia<\/h2>\n\n\n\n<div style=\"height:0px\" aria-hidden=\"true\" class=\"wp-block-spacer wp-container-content-4f2ccadb\"><\/div>\n\n\n\n<p class=\"has-text-align-left\">Dedicada continuamente ao aprimoramento de seus produtos e servi\u00e7os, com o prop\u00f3sito de atender de forma eficiente \u00e0s demandas do setor da constru\u00e7\u00e3o civil. Nossa trajet\u00f3ria \u00e9 marcada por compromisso, inova\u00e7\u00e3o e qualidade, pilares que sustentam cada etapa dos nossos projetos.<\/p>\n\n\n\n<p class=\"has-text-align-left\">Ao longo dos anos, conquistamos a confian\u00e7a de nossos clientes ao entregar obras que aliam tecnologia, sustentabilidade e excel\u00eancia t\u00e9cnica.<\/p>\n<\/div>\n\n\n\n<div style=\"margin-top:0;margin-bottom:0;height:var(--wp--preset--spacing--40)\" aria-hidden=\"true\" class=\"wp-block-spacer\"><\/div>\n\n\n\n<h4 class=\"wp-block-heading has-text-align-center is-style-default\">\u201cConfian\u00e7a, qualidade e solidez: tr\u00eas pilares fundamentais que guiam tudo o que fazemos, desde 1999.\u201d<\/h4>\n\n\n\n<div style=\"margin-top:0;margin-bottom:0;height:var(--wp--preset--spacing--40)\" aria-hidden=\"true\" class=\"wp-block-spacer\"><\/div>\n\n\n\n<div class=\"wp-block-columns alignwide is-layout-flex wp-container-core-columns-is-layout-d0bbbce0 wp-block-columns-is-layout-flex\">\n<div class=\"wp-block-column is-layout-flow wp-container-core-column-is-layout-e3d1c41b wp-block-column-is-layout-flow\">\n<h2 class=\"wp-block-heading has-text-align-left is-style-default has-body-font-family has-medium-font-size\" style=\"font-style:normal;font-weight:600\">Confian\u00e7a<\/h2>\n\n\n\n<p class=\"has-text-align-left\">Na constru\u00e7\u00e3o civil, <strong>confian\u00e7a<\/strong> \u00e9 o alicerce de qualquer projeto bem-sucedido. \u00c9 ela que garante rela\u00e7\u00f5es transparentes entre empresa, cliente e fornecedores, assegurando que cada etapa da obra seja executada com responsabilidade e comprometimento.<\/p>\n<\/div>\n\n\n\n<div class=\"wp-block-column is-layout-flow wp-container-core-column-is-layout-e3d1c41b wp-block-column-is-layout-flow\">\n<h2 class=\"wp-block-heading has-text-align-left is-style-default has-body-font-family has-medium-font-size\" style=\"font-style:normal;font-weight:600\">Qualidade<\/h2>\n\n\n\n<p class=\"has-text-align-left\">A <strong>qualidade<\/strong> na constru\u00e7\u00e3o vai al\u00e9m de um bom acabamento \u2014 envolve a escolha de materiais adequados, execu\u00e7\u00e3o t\u00e9cnica precisa e respeito \u00e0s normas. Cada detalhe reflete o compromisso com a durabilidade e o desempenho da obra ao longo dos anos.<\/p>\n<\/div>\n\n\n\n<div class=\"wp-block-column is-layout-flow wp-container-core-column-is-layout-e3d1c41b wp-block-column-is-layout-flow\">\n<h2 class=\"wp-block-heading has-text-align-left is-style-default has-body-font-family has-medium-font-size\" style=\"font-style:normal;font-weight:600\">Solidez<\/h2>\n\n\n\n<p class=\"has-text-align-left\">Mais do que estruturas fortes, <strong>solidez<\/strong> representa a estabilidade de uma empresa no mercado. \u00c9 constru\u00edda com experi\u00eancia, entregas consistentes e credibilidade, refletindo a seguran\u00e7a que os clientes buscam ao investir em um projeto de constru\u00e7\u00e3o.<\/p>\n<\/div>\n<\/div>\n\n\n\n<div style=\"height:var(--wp--preset--spacing--20)\" aria-hidden=\"true\" class=\"wp-block-spacer\"><\/div>\n<\/div>\n\n\n\n<div class=\"wp-block-group alignfull has-global-padding is-layout-constrained wp-container-core-group-is-layout-d89aad35 wp-block-group-is-layout-constrained\" style=\"margin-top:0;margin-bottom:0;padding-top:var(--wp--preset--spacing--50);padding-right:var(--wp--preset--spacing--50);padding-bottom:var(--wp--preset--spacing--50);padding-left:var(--wp--preset--spacing--50)\">\n<div class=\"wp-block-group alignwide has-global-padding is-layout-constrained wp-container-core-group-is-layout-19e250f3 wp-block-group-is-layout-constrained\">\n<div class=\"wp-block-group is-vertical is-content-justification-center is-layout-flex wp-container-core-group-is-layout-6329a8f3 wp-block-group-is-layout-flex\">\n<h2 class=\"wp-block-heading has-text-align-center is-style-default\" id=\"trabalho\">Conhe\u00e7a nosso trabalho<\/h2>\n\n\n\n<p class=\"has-text-align-center\">Entre em contato conosco e conhe\u00e7a nosso escopo de trabalho e portif\u00f3lio.<\/p>\n<\/div>\n\n\n\n<div style=\"height:var(--wp--preset--spacing--40)\" aria-hidden=\"true\" class=\"wp-block-spacer\"><\/div>\n\n\n\n<div class=\"wp-block-columns alignwide is-layout-flex wp-container-core-columns-is-layout-d1c656ed wp-block-columns-is-layout-flex\">\n<div class=\"wp-block-column is-vertically-aligned-center is-layout-flow wp-block-column-is-layout-flow\" style=\"flex-basis:40%\">\n<h3 class=\"wp-block-heading is-style-default\">Obras Novas ou Reformas<\/h3>\n\n\n\n<ul style=\"line-height:1.75\" class=\"wp-block-list is-style-checkmark-list\">\n<li>Seja na constru\u00e7\u00e3o de uma nova estrutura ou na moderniza\u00e7\u00e3o de um espa\u00e7o j\u00e1 existente, a CH Engenharia oferece solu\u00e7\u00f5es completas para <strong>obras novas ou reformas<\/strong>. Com uma equipe t\u00e9cnica experiente e comprometida, garantimos efici\u00eancia, qualidade e seguran\u00e7a em todas as etapas da obra.<\/li>\n<\/ul>\n<\/div>\n\n\n\n<div class=\"wp-block-column is-layout-flow wp-block-column-is-layout-flow\" style=\"flex-basis:50%\">\n<figure class=\"wp-block-image size-large is-style-rounded is-style-rounded--2\"><img loading=\"lazy\" decoding=\"async\" width=\"1024\" height=\"683\" src=\"https:\/\/www.chenge.com.br\/wp-content\/uploads\/2025\/08\/Obras-Novas-ou-Reformas-1024x683.jpg\" alt=\"\" class=\"wp-image-30\" srcset=\"https:\/\/www.chenge.com.br\/wp-content\/uploads\/2025\/08\/Obras-Novas-ou-Reformas-1024x683.jpg 1024w, https:\/\/www.chenge.com.br\/wp-content\/uploads\/2025\/08\/Obras-Novas-ou-Reformas-300x200.jpg 300w, https:\/\/www.chenge.com.br\/wp-content\/uploads\/2025\/08\/Obras-Novas-ou-Reformas-768x512.jpg 768w, https:\/\/www.chenge.com.br\/wp-content\/uploads\/2025\/08\/Obras-Novas-ou-Reformas-1536x1024.jpg 1536w, https:\/\/www.chenge.com.br\/wp-content\/uploads\/2025\/08\/Obras-Novas-ou-Reformas-2048x1365.jpg 2048w\" sizes=\"auto, (max-width: 1024px) 100vw, 1024px\" \/><\/figure>\n<\/div>\n<\/div>\n\n\n\n<div style=\"height:var(--wp--preset--spacing--40)\" aria-hidden=\"true\" class=\"wp-block-spacer\"><\/div>\n\n\n\n<div class=\"wp-block-columns alignwide is-layout-flex wp-container-core-columns-is-layout-d1c656ed wp-block-columns-is-layout-flex\">\n<div class=\"wp-block-column is-layout-flow wp-block-column-is-layout-flow\" style=\"flex-basis:50%\">\n<figure class=\"wp-block-image size-large is-style-rounded is-style-rounded--3\"><img loading=\"lazy\" decoding=\"async\" width=\"1024\" height=\"683\" src=\"https:\/\/www.chenge.com.br\/wp-content\/uploads\/2025\/08\/Edificacoes-ou-Infraestrutura-1024x683.jpg\" alt=\"\" class=\"wp-image-31\" srcset=\"https:\/\/www.chenge.com.br\/wp-content\/uploads\/2025\/08\/Edificacoes-ou-Infraestrutura-1024x683.jpg 1024w, https:\/\/www.chenge.com.br\/wp-content\/uploads\/2025\/08\/Edificacoes-ou-Infraestrutura-300x200.jpg 300w, https:\/\/www.chenge.com.br\/wp-content\/uploads\/2025\/08\/Edificacoes-ou-Infraestrutura-768x512.jpg 768w, https:\/\/www.chenge.com.br\/wp-content\/uploads\/2025\/08\/Edificacoes-ou-Infraestrutura-1536x1024.jpg 1536w, https:\/\/www.chenge.com.br\/wp-content\/uploads\/2025\/08\/Edificacoes-ou-Infraestrutura-2048x1365.jpg 2048w\" sizes=\"auto, (max-width: 1024px) 100vw, 1024px\" \/><\/figure>\n<\/div>\n\n\n\n<div class=\"wp-block-column is-vertically-aligned-center is-layout-flow wp-block-column-is-layout-flow\" style=\"flex-basis:40%\">\n<h3 class=\"wp-block-heading is-style-default\">Edifica\u00e7\u00f5es ou Infraestrutura<\/h3>\n\n\n\n<ul style=\"line-height:1.75\" class=\"wp-block-list is-style-checkmark-list\">\n<li>Atuamos tanto em <strong>edifica\u00e7\u00f5es<\/strong> (residenciais, comerciais e industriais) quanto em projetos de <strong>infraestrutura urbana e p\u00fablica<\/strong>. Cada tipo de obra recebe aten\u00e7\u00e3o personalizada, com foco na funcionalidade, durabilidade e no melhor custo-benef\u00edcio para o cliente.<\/li>\n<\/ul>\n<\/div>\n<\/div>\n\n\n\n<div style=\"height:var(--wp--preset--spacing--40)\" aria-hidden=\"true\" class=\"wp-block-spacer\"><\/div>\n\n\n\n<div class=\"wp-block-columns alignwide is-layout-flex wp-container-core-columns-is-layout-d1c656ed wp-block-columns-is-layout-flex\">\n<div class=\"wp-block-column is-vertically-aligned-center is-layout-flow wp-block-column-is-layout-flow\" style=\"flex-basis:40%\">\n<h3 class=\"wp-block-heading is-style-default\">Projetos<\/h3>\n\n\n\n<ul style=\"line-height:1.75\" class=\"wp-block-list is-style-checkmark-list\">\n<li>Na CH Engenharia, desenvolvemos e\/ou executamos <strong>projetos<\/strong> com alto padr\u00e3o t\u00e9cnico, sempre alinhados \u00e0s necessidades espec\u00edficas de cada cliente. Do planejamento \u00e0 entrega, buscamos solu\u00e7\u00f5es inteligentes e sustent\u00e1veis para transformar ideias em realidade.<\/li>\n<\/ul>\n<\/div>\n\n\n\n<div class=\"wp-block-column is-layout-flow wp-block-column-is-layout-flow\" style=\"flex-basis:50%\">\n<figure class=\"wp-block-image size-large is-style-rounded is-style-rounded--4\"><img loading=\"lazy\" decoding=\"async\" width=\"1024\" height=\"683\" src=\"https:\/\/www.chenge.com.br\/wp-content\/uploads\/2025\/08\/Projetos-1024x683.jpg\" alt=\"\" class=\"wp-image-32\" srcset=\"https:\/\/www.chenge.com.br\/wp-content\/uploads\/2025\/08\/Projetos-1024x683.jpg 1024w, https:\/\/www.chenge.com.br\/wp-content\/uploads\/2025\/08\/Projetos-300x200.jpg 300w, https:\/\/www.chenge.com.br\/wp-content\/uploads\/2025\/08\/Projetos-768x512.jpg 768w, https:\/\/www.chenge.com.br\/wp-content\/uploads\/2025\/08\/Projetos-1536x1024.jpg 1536w, https:\/\/www.chenge.com.br\/wp-content\/uploads\/2025\/08\/Projetos-2048x1365.jpg 2048w\" sizes=\"auto, (max-width: 1024px) 100vw, 1024px\" \/><\/figure>\n<\/div>\n<\/div>\n<\/div>\n<\/div>\n\n\n\n<div class=\"wp-block-group alignfull has-base-color has-contrast-background-color has-text-color has-background has-global-padding is-layout-constrained wp-container-core-group-is-layout-ef3d885c wp-block-group-is-layout-constrained\" style=\"margin-top:0;margin-bottom:0;padding-top:var(--wp--preset--spacing--60);padding-right:var(--wp--preset--spacing--60);padding-bottom:var(--wp--preset--spacing--60);padding-left:var(--wp--preset--spacing--60)\">\n<div class=\"wp-block-group has-global-padding is-layout-constrained wp-block-group-is-layout-constrained\">\n<p class=\"has-text-align-center has-base-color has-text-color has-heading-font-family has-x-large-font-size\" style=\"line-height:1.2\"><em>\u201c<\/em> Entre em contato e vamos construir juntos! <em>\u201d<\/em><\/p>\n\n\n\n<div style=\"height:var(--wp--preset--spacing--10)\" aria-hidden=\"true\" class=\"wp-block-spacer\"><\/div>\n\n\n\n<div class=\"wp-block-group is-vertical is-content-justification-center is-nowrap is-layout-flex wp-container-core-group-is-layout-2dc08cea wp-block-group-is-layout-flex\">\n<figure class=\"wp-block-image aligncenter size-thumbnail is-resized has-custom-border\"><img loading=\"lazy\" decoding=\"async\" width=\"150\" height=\"150\" src=\"https:\/\/www.chenge.com.br\/wp-content\/uploads\/2025\/08\/LOGO-CH-COR-PRETO-VERTICAL-150x150.jpg\" alt=\"\" class=\"wp-image-36\" style=\"border-radius:100px;object-fit:cover;width:146px;height:auto\" srcset=\"https:\/\/www.chenge.com.br\/wp-content\/uploads\/2025\/08\/LOGO-CH-COR-PRETO-VERTICAL-150x150.jpg 150w, https:\/\/www.chenge.com.br\/wp-content\/uploads\/2025\/08\/LOGO-CH-COR-PRETO-VERTICAL-300x300.jpg 300w, https:\/\/www.chenge.com.br\/wp-content\/uploads\/2025\/08\/LOGO-CH-COR-PRETO-VERTICAL-1024x1024.jpg 1024w, https:\/\/www.chenge.com.br\/wp-content\/uploads\/2025\/08\/LOGO-CH-COR-PRETO-VERTICAL-768x768.jpg 768w, https:\/\/www.chenge.com.br\/wp-content\/uploads\/2025\/08\/LOGO-CH-COR-PRETO-VERTICAL.jpg 1080w\" sizes=\"auto, (max-width: 150px) 100vw, 150px\" \/><\/figure>\n<\/div>\n<\/div>\n<\/div>\n","protected":false},"excerpt":{"rendered":"<p>Inova\u00e7\u00e3o e sustentabilidade A CH Engenharia \u00e9 uma construtora, que vem aprimorando seus produtos com o prop\u00f3sito de atender as necessidades do setor de constru\u00e7\u00e3o civil. Sobre a CH Engenharia Dedicada continuamente ao aprimoramento de seus produtos e servi\u00e7os, com o prop\u00f3sito de atender de forma eficiente \u00e0s demandas do setor da constru\u00e7\u00e3o civil. Nossa [&hellip;]<\/p>\n","protected":false},"author":1,"featured_media":0,"parent":0,"menu_order":0,"comment_status":"closed","ping_status":"closed","template":"","meta":{"footnotes":""},"class_list":["post-23","page","type-page","status-publish","hentry"],"_links":{"self":[{"href":"https:\/\/www.chenge.com.br\/index.php?rest_route=\/wp\/v2\/pages\/23","targetHints":{"allow":["GET"]}}],"collection":[{"href":"https:\/\/www.chenge.com.br\/index.php?rest_route=\/wp\/v2\/pages"}],"about":[{"href":"https:\/\/www.chenge.com.br\/index.php?rest_route=\/wp\/v2\/types\/page"}],"author":[{"embeddable":true,"href":"https:\/\/www.chenge.com.br\/index.php?rest_route=\/wp\/v2\/users\/1"}],"replies":[{"embeddable":true,"href":"https:\/\/www.chenge.com.br\/index.php?rest_route=%2Fwp%2Fv2%2Fcomments&post=23"}],"version-history":[{"count":13,"href":"https:\/\/www.chenge.com.br\/index.php?rest_route=\/wp\/v2\/pages\/23\/revisions"}],"predecessor-version":[{"id":94,"href":"https:\/\/www.chenge.com.br\/index.php?rest_route=\/wp\/v2\/pages\/23\/revisions\/94"}],"wp:attachment":[{"href":"https:\/\/www.chenge.com.br\/index.php?rest_route=%2Fwp%2Fv2%2Fmedia&parent=23"}],"curies":[{"name":"wp","href":"https:\/\/api.w.org\/{rel}","templated":true}]}}